{"id":948,"date":"2024-09-25T18:17:19","date_gmt":"2024-09-25T16:17:19","guid":{"rendered":"http:\/\/localhost\/djk-arminia-eilendorf.de\/fussball\/?page_id=39"},"modified":"2024-09-25T18:17:19","modified_gmt":"2024-09-25T16:17:19","slug":"cafeteria","status":"publish","type":"page","link":"https:\/\/djk-arminia-eilendorf.de\/fussball\/cafeteria\/","title":{"rendered":"Cafeteria"},"content":{"rendered":"<p style=\"text-align: center\">Unsere sch\u00f6ne Cafeteria wird von Michael Gr\u00fcmmer geleitet.<\/p>\n<p style=\"text-align: center\">Bei allen Spielen der Senioren, sowie Junioren ist das Cafeteria-Team f\u00fcr Sie da.<\/p>\n<p style=\"text-align: center\">Schon gewusst?<\/p>\n<p style=\"text-align: center\">Die Cafeteria kann man auch mieten! Ideal f\u00fcr Geburtstage oder sonstige Anl\u00e4sse: Unsere Cafeteria ist bestens ausgestattet.<\/p>\n<p style=\"text-align: center\">Einfach bei Michael Gr\u00fcmmer nachfragen und informieren.<\/p>\n<p style=\"text-align: center\"><img loading=\"lazy\" decoding=\"async\" class=\"alignnone size-full wp-image-1920\" src=\"https:\/\/djk-arminia-eilendorf.de\/fussball\/wp-content\/uploads\/sites\/4\/2024\/10\/Michael-Gruemmer.png\" alt=\"\" width=\"191\" height=\"255\" \/><br \/>\nAnsprechpartner Cafeteria<\/p>\n<p style=\"text-align: center\">Herr Michael Gr\u00fcmmer<\/p>\n<p style=\"text-align: center\">m.gruemmer@t-online.de<\/p>\n<p style=\"text-align: center\">Tel.: 0170 5422838<\/p>\n","protected":false},"excerpt":{"rendered":"<p>Unsere sch\u00f6ne Cafeteria wird von Michael Gr\u00fcmmer geleitet. Bei allen Spielen der Senioren, sowie Junioren ist das Cafeteria-Team f\u00fcr Sie da. Schon gewusst? Die Cafeteria kann man auch mieten! Ideal f\u00fcr Geburtstage oder sonstige Anl\u00e4sse: Unsere Cafeteria ist bestens ausgestattet. Einfach bei Michael Gr\u00fcmmer nachfragen und informieren. Ansprechpartner Cafeteria Herr Michael Gr\u00fcmmer m.gruemmer@t-online.de Tel.: 0170 [&hellip;]<\/p>\n","protected":false},"author":1,"featured_media":0,"parent":0,"menu_order":0,"comment_status":"closed","ping_status":"closed","template":"","meta":{"footnotes":""},"class_list":["post-948","page","type-page","status-publish","hentry"],"jetpack_sharing_enabled":true,"publishpress_future_action":{"enabled":false,"date":"2026-04-28 15:26:27","action":"change-status","newStatus":"draft","terms":[],"taxonomy":"","extraData":[]},"publishpress_future_workflow_manual_trigger":{"enabledWorkflows":[]},"_links":{"self":[{"href":"https:\/\/djk-arminia-eilendorf.de\/fussball\/wp-json\/wp\/v2\/pages\/948","targetHints":{"allow":["GET"]}}],"collection":[{"href":"https:\/\/djk-arminia-eilendorf.de\/fussball\/wp-json\/wp\/v2\/pages"}],"about":[{"href":"https:\/\/djk-arminia-eilendorf.de\/fussball\/wp-json\/wp\/v2\/types\/page"}],"author":[{"embeddable":true,"href":"https:\/\/djk-arminia-eilendorf.de\/fussball\/wp-json\/wp\/v2\/users\/1"}],"replies":[{"embeddable":true,"href":"https:\/\/djk-arminia-eilendorf.de\/fussball\/wp-json\/wp\/v2\/comments?post=948"}],"version-history":[{"count":0,"href":"https:\/\/djk-arminia-eilendorf.de\/fussball\/wp-json\/wp\/v2\/pages\/948\/revisions"}],"wp:attachment":[{"href":"https:\/\/djk-arminia-eilendorf.de\/fussball\/wp-json\/wp\/v2\/media?parent=948"}],"curies":[{"name":"wp","href":"https:\/\/api.w.org\/{rel}","templated":true}]}}