{"id":978,"date":"2024-09-25T18:47:12","date_gmt":"2024-09-25T16:47:12","guid":{"rendered":"http:\/\/localhost\/djk-arminia-eilendorf.de\/fussball\/?page_id=117"},"modified":"2024-09-25T18:47:12","modified_gmt":"2024-09-25T16:47:12","slug":"verhaltenskodex-eltern-zuschauer","status":"publish","type":"page","link":"https:\/\/djk-arminia-eilendorf.de\/fussball\/verhaltenskodex-eltern-zuschauer\/","title":{"rendered":"Verhaltenskodex Eltern\/Zuschauer"},"content":{"rendered":"<h2><span style=\"color: red\"><strong>VERHALTENSKODEX<\/strong><\/span><\/h2>\n<p>Der Jugendvorstand von Arminia Eilendorf freut sich \u00fcber zahlreichen Besuch an den Spieltagen. Es ist w\u00fcnschenswert das Eltern ihr Kind und dessen Mannschaft lautstark unterst\u00fctzen. Beachten Sie bitte das sich Arminia Eilendorf an den Fairplay Gedanken h\u00e4lt und Vereinsregeln aufgestellt hat die wir Ihnen hier gern n\u00e4her bringen m\u00f6chten.<\/p>\n<p><strong>Fairplay<\/strong><\/p>\n<p style=\"padding-left: 40px\">\u27a4 Verhalten Sie sich bei den Spielen stets fair und respektvoll gegen\u00fcber ALLEN Beteiligten.<\/p>\n<p style=\"padding-left: 40px\">\u27a4 Unsportliche und unqualifizierte Bemerkungen schaden ihrem Kind, der Mannschaft und dem Verein. Rassistische \u00c4u\u00dferungen werden von uns nicht geduldet!<\/p>\n<p style=\"padding-left: 40px\">\u27a4 Werden Sie provoziert, entfernen Sie sich lieber anstatt darauf einzugehen. Denken Sie an ihre Vorbildfunktion!<\/p>\n<p style=\"padding-left: 40px\">\u27a4 Versuchen Sie sportlich \u201eobjektiv\u201c zu sein. Nicht immer ist ihr Kind das bessere. Gute Leistungen von gegnerischen Spielern und Mannschaften m\u00fcssen respektiert werden.<\/p>\n<p><strong>Unterst\u00fctzung<\/strong><\/p>\n<p style=\"padding-left: 40px\">\u27a4 Unterst\u00fctzen Sie ihr Kind tatkr\u00e4ftig in dem Bestreben ein guter Fu\u00dfballer zu werden.<\/p>\n<p style=\"padding-left: 40px\">\u27a4 Unterst\u00fctzen Sie ihr Kind emotional bei Niederlagen bzw. wenn sich der sportliche Erfolg nicht einstellt.<\/p>\n<p style=\"padding-left: 40px\">\u27a4 Vermitteln Sie ihrem Kind, dass Niederlagen zum Sport geh\u00f6ren.<\/p>\n<p style=\"padding-left: 40px\">\u27a4 Achten Sie auf realistische Erwartungen an ihr Kind. Zu hohe Anspr\u00fcche k\u00f6nnen ihrem Kind schaden.<\/p>\n<p style=\"padding-left: 40px\">\u27a4 Kinder brauchen Lob! Sparen Sie an Kritik und sprechen Sie lieber \u00fcber die positiven Erlebnisse eines Spiels.<\/p>\n<p><strong>Trainer<\/strong><\/p>\n<p style=\"padding-left: 40px\">\u27a4 Unterst\u00fctzen Sie die Trainer im Rahmen ihrer M\u00f6glichkeiten. Die Trainer investieren viel Zeit um Ihr Kind zu f\u00f6rdern. Helfen Sie Ihnen!<\/p>\n<p style=\"padding-left: 40px\">\u27a4 Respektieren Sie die Entscheidungen der Trainer was Aufstellung, Ein- und Auswechslungen und zugewiesene Positionen angeht.<\/p>\n<p style=\"padding-left: 40px\">\u27a4 Bei Problemen suchen Sie das direkte Gespr\u00e4ch mit den Trainern. Ist Ihnen dies nicht m\u00f6glich, wenden Sie sich an den Jugendleiter oder dessen Stellvertreter.<\/p>\n<p style=\"padding-left: 40px\">\u27a4 Untergraben Sie niemals die Autorit\u00e4t des Trainers. Anweisungen in einem Spiel hat ausschlie\u00dflich der Trainer zu geben.<\/p>\n<p><strong>Material<\/strong><\/p>\n<p style=\"padding-left: 40px\">Der Verein versucht die Spieler\/-innen zu eigenverantwortlichem Handeln zu erziehen. Bitte unterst\u00fctzen Sie das.<\/p>\n<p style=\"padding-left: 40px\">Die Kinder sind selber f\u00fcr ihre Organisation verantwortlich.<\/p>\n<p style=\"padding-left: 40px\">Auch um ihre Ausr\u00fcstung m\u00fcssen sich die Kinder selber k\u00fcmmern.<\/p>\n<p style=\"padding-left: 40px\">\u00dcberlassen Sie das Packen und Tragen der Tasche, das Schuhe putzen etc. den Kindern.<\/p>\n","protected":false},"excerpt":{"rendered":"<p>VERHALTENSKODEX Der Jugendvorstand von Arminia Eilendorf freut sich \u00fcber zahlreichen Besuch an den Spieltagen. Es ist w\u00fcnschenswert das Eltern ihr Kind und dessen Mannschaft lautstark unterst\u00fctzen. Beachten Sie bitte das sich Arminia Eilendorf an den Fairplay Gedanken h\u00e4lt und Vereinsregeln aufgestellt hat die wir Ihnen hier gern n\u00e4her bringen m\u00f6chten. Fairplay \u27a4 Verhalten Sie sich [&hellip;]<\/p>\n","protected":false},"author":1,"featured_media":0,"parent":0,"menu_order":0,"comment_status":"closed","ping_status":"closed","template":"","meta":{"footnotes":""},"class_list":["post-978","page","type-page","status-publish","hentry"],"jetpack_sharing_enabled":true,"publishpress_future_action":{"enabled":false,"date":"2026-04-28 14:51:45","action":"change-status","newStatus":"draft","terms":[],"taxonomy":"","extraData":[]},"publishpress_future_workflow_manual_trigger":{"enabledWorkflows":[]},"_links":{"self":[{"href":"https:\/\/djk-arminia-eilendorf.de\/fussball\/wp-json\/wp\/v2\/pages\/978","targetHints":{"allow":["GET"]}}],"collection":[{"href":"https:\/\/djk-arminia-eilendorf.de\/fussball\/wp-json\/wp\/v2\/pages"}],"about":[{"href":"https:\/\/djk-arminia-eilendorf.de\/fussball\/wp-json\/wp\/v2\/types\/page"}],"author":[{"embeddable":true,"href":"https:\/\/djk-arminia-eilendorf.de\/fussball\/wp-json\/wp\/v2\/users\/1"}],"replies":[{"embeddable":true,"href":"https:\/\/djk-arminia-eilendorf.de\/fussball\/wp-json\/wp\/v2\/comments?post=978"}],"version-history":[{"count":0,"href":"https:\/\/djk-arminia-eilendorf.de\/fussball\/wp-json\/wp\/v2\/pages\/978\/revisions"}],"wp:attachment":[{"href":"https:\/\/djk-arminia-eilendorf.de\/fussball\/wp-json\/wp\/v2\/media?parent=978"}],"curies":[{"name":"wp","href":"https:\/\/api.w.org\/{rel}","templated":true}]}}