{"id":979,"date":"2024-09-25T18:47:41","date_gmt":"2024-09-25T16:47:41","guid":{"rendered":"http:\/\/localhost\/djk-arminia-eilendorf.de\/fussball\/?page_id=119"},"modified":"2024-09-25T18:47:41","modified_gmt":"2024-09-25T16:47:41","slug":"arminia-sucht-dich-du-suchst-arminia","status":"publish","type":"page","link":"https:\/\/djk-arminia-eilendorf.de\/fussball\/arminia-sucht-dich-du-suchst-arminia\/","title":{"rendered":"Arminia sucht dich, Du suchst Arminia"},"content":{"rendered":"<h2 class=\"elementor-heading-title elementor-size-default Colour=\"><span style=\"color: blue\">Arminia sucht dich, du suchst Arminia<img loading=\"lazy\" decoding=\"async\" class=\"alignnone size-full wp-image-1934\" src=\"https:\/\/djk-arminia-eilendorf.de\/fussball\/wp-content\/uploads\/sites\/4\/2024\/10\/Logo-DIN-A4-Blau-weiss_transparent-150.png\" alt=\"\" width=\"150\" height=\"150\" \/><\/span><\/h2>\n<p style=\"text-align: center\">!! Jugendspieler gesucht !!<br \/>\nArminia Eilendorf sucht zur Verst\u00e4rkung f\u00fcr unsere Jugendmannschaften noch talentierte Fu\u00dfballer, die Lust haben sich einem gut organisierten Umfeld mit hervorragenden Trainingsbedingungen anzuschlie\u00dfen. Zusammenhalt und die gute Stimmung innerhalb der Mannschaft ist uns sehr wichtig und sind Teil des Erfolges.<br \/>\nNeue Spieler und Eltern werden schnell und herzlich integriert.<\/p>\n<p style=\"text-align: center\">\u00dcberwiegend werden Spieler f\u00fcr unsere A, C, D und E Jugend gesucht. Selbstverst\u00e4ndlich k\u00f6nnen sich auch gerne Spieler f\u00fcr andere Jugendmannschaften bei uns melden.<\/p>\n<p style=\"text-align: center\">Sollten wir Dein Interesse geweckt haben und Du noch evtl. Fragen hast, z\u00f6gere bitte nicht uns zu kontaktieren.<\/p>\n<p style=\"text-align: center\">Gerne h\u00f6ren wir von Dir<\/p>\n<p style=\"text-align: center\">Daniel Kaatz<\/p>\n<p style=\"text-align: center\">Tel.: 0170 32 58 721<\/p>\n<p style=\"text-align: center\">___________________________________________________________________<\/p>\n<p style=\"text-align: center\">!! Jugendtrainer &amp; Co-Trainer gesucht !!<\/p>\n<p style=\"text-align: center\">Arminia Eilendorf sucht f\u00fcr die Jugend eine\/n engagierten Trainer\/in und Co-Trainer\/in<br \/>\n( Willkommen sind auch Neueinsteiger )<\/p>\n<p style=\"text-align: center\">Du hast Spa\u00df daran, dein fachliches fussballerisches Know-How weiterzugeben?<br \/>\nTeamf\u00e4higkeit, Ehrgeiz und Bodenst\u00e4ndigkeit geh\u00f6ren zu Deinen St\u00e4rken?<\/p>\n<p style=\"text-align: center\">Wir bieten Dir ein famili\u00e4res Umfeld und gute Trainingsbedingungen.<br \/>\nEin Trainerschein ist nicht zwingend notwendig.<\/p>\n<p style=\"text-align: center\">Vielmehr ist uns der altersgerechte Umgang mit den Kindern und die Vermittlung von Spa\u00df im Sport und Respekt gegen\u00fcber Mit- und Gegenspielern wichtig.<\/p>\n<p style=\"text-align: center\">Wenn du Interesse hast und die Herausforderung annehmen m\u00f6chtest, eine neue Mannschaft aufzubauen und zu formen, dann melde Dich bei uns.<\/p>\n<p style=\"text-align: center\">Euer Jugendvorstand<\/p>\n","protected":false},"excerpt":{"rendered":"<p>Arminia sucht dich, du suchst Arminia !! Jugendspieler gesucht !! Arminia Eilendorf sucht zur Verst\u00e4rkung f\u00fcr unsere Jugendmannschaften noch talentierte Fu\u00dfballer, die Lust haben sich einem gut organisierten Umfeld mit hervorragenden Trainingsbedingungen anzuschlie\u00dfen. Zusammenhalt und die gute Stimmung innerhalb der Mannschaft ist uns sehr wichtig und sind Teil des Erfolges. Neue Spieler und Eltern werden [&hellip;]<\/p>\n","protected":false},"author":1,"featured_media":0,"parent":0,"menu_order":0,"comment_status":"closed","ping_status":"closed","template":"","meta":{"footnotes":""},"class_list":["post-979","page","type-page","status-publish","hentry"],"jetpack_sharing_enabled":true,"publishpress_future_action":{"enabled":false,"date":"2026-05-07 01:15:45","action":"change-status","newStatus":"draft","terms":[],"taxonomy":"","extraData":[]},"publishpress_future_workflow_manual_trigger":{"enabledWorkflows":[]},"_links":{"self":[{"href":"https:\/\/djk-arminia-eilendorf.de\/fussball\/wp-json\/wp\/v2\/pages\/979","targetHints":{"allow":["GET"]}}],"collection":[{"href":"https:\/\/djk-arminia-eilendorf.de\/fussball\/wp-json\/wp\/v2\/pages"}],"about":[{"href":"https:\/\/djk-arminia-eilendorf.de\/fussball\/wp-json\/wp\/v2\/types\/page"}],"author":[{"embeddable":true,"href":"https:\/\/djk-arminia-eilendorf.de\/fussball\/wp-json\/wp\/v2\/users\/1"}],"replies":[{"embeddable":true,"href":"https:\/\/djk-arminia-eilendorf.de\/fussball\/wp-json\/wp\/v2\/comments?post=979"}],"version-history":[{"count":0,"href":"https:\/\/djk-arminia-eilendorf.de\/fussball\/wp-json\/wp\/v2\/pages\/979\/revisions"}],"wp:attachment":[{"href":"https:\/\/djk-arminia-eilendorf.de\/fussball\/wp-json\/wp\/v2\/media?parent=979"}],"curies":[{"name":"wp","href":"https:\/\/api.w.org\/{rel}","templated":true}]}}