{"id":980,"date":"2024-09-25T18:48:07","date_gmt":"2024-09-25T16:48:07","guid":{"rendered":"http:\/\/localhost\/djk-arminia-eilendorf.de\/fussball\/?page_id=121"},"modified":"2024-09-25T18:48:07","modified_gmt":"2024-09-25T16:48:07","slug":"jugend-damals-und-heute","status":"publish","type":"page","link":"https:\/\/djk-arminia-eilendorf.de\/fussball\/jugend-damals-und-heute\/","title":{"rendered":"Jugend damals und heute"},"content":{"rendered":"<h2><strong>Arminia Jugend damals und heute<\/strong><\/h2>\n<p><strong><span style=\"color: blue\">\u2013 Fakten von damals:<\/span><\/strong><\/p>\n<p style=\"text-align: left\">Im Jahr 1921 wurde mit der Gr\u00fcndung der Arminia-Jugend der Grundstein der bis heute anhaltenden, erfolgreichen Jugendarbeit gelegt.<\/p>\n<p style=\"text-align: left\">Selbst das Verbot und die daraufhin resultierende Aufl\u00f6sung des Vereins durch das Naziregime im Jahr 1935 hinderte viele Arminen nicht daran, auch weiterhin, dann unter dem Namen \u201eVerein f\u00fcr Rasenspiele Eilendorf \/ VfR Eilendorf\u201c ihrer Leidenschaft<br \/>\nnachzugehen. Nach Kriegsende lebten die alten DJK-Vereine nach und nach wieder auf. Die DJK Arminia Eilendorf beispielsweise im Jahr 1947.<\/p>\n<p style=\"text-align: left\">In den 70er Jahren nahmen unsere Jugendmannschaften regelm\u00e4\u00dfig an internationalen Turnieren wie z.B. in Heerlen, Antwerpen und Liverpool teil. Diese Mannschaften waren auch immer willkommene G\u00e4ste auf den eigenen Jugendturnieren.<\/p>\n<p><strong><span style=\"color: blue\">\u2013 Die letzten 50 Jahre<\/span><\/strong><\/p>\n<p style=\"text-align: left\">1972 l\u00f6ste Edi Heidenthal Erich Salber als damaligen Jugendleiter ab.<\/p>\n<p style=\"text-align: left\">Die stets wachsende Jugendabteilung entwickelte sich hervorragend und wusste mit den traditionellen Jugendturnieren und Jugendfesten zu \u00fcberzeugen.<\/p>\n<p style=\"text-align: left\">Zu damaligen Zeiten stellten diese, neben den Mitgliedsbeitr\u00e4gen, die so ziemlich einzige Einnahmenquelle der Jugendabteilung dar.<\/p>\n<p style=\"text-align: left\">Klaus Mannheims wurde nach der \u00c4ra Edi Heidenthals zum Jugendleiter gew\u00e4hlt.<\/p>\n<p style=\"text-align: left\">Zu dieser Zeit hat sich die Arminia weit \u00fcber die Grenzen hinaus einen Namen gemacht. Die tolle Jugendarbeit blieb den Fu\u00dfballverb\u00e4nden nicht verborgen, so dass die Vergabe des L\u00e4nderspiels zwischen der deutschen und der niederl\u00e4ndischen U15 an Arminia Eilendorf ging.<\/p>\n<p style=\"text-align: left\">Noch heute sind auch die legend\u00e4ren Ferien-Fahrten nach Emden in guter Erinnerung.<\/p>\n<p style=\"text-align: left\">Des Weiteren wurde schon damals gro\u00dfer Wert daraufgelegt, die Jugendspieler nach Ihrer Jugendzeit bestm\u00f6glich in die Seniorenabteilung einzubinden.<\/p>\n<p style=\"text-align: left\">Als Hans Stollenwerk im Jahr 1987 die Jugendleitung \u00fcbernahm, legte er besonderen Wert darauf, dass alle Altersklassen im Jugendbereich mit einer eigenen Mannschaft vertreten waren.<\/p>\n<p style=\"text-align: left\">Die organisatorischen Herausforderungen dessen, waren, damals wie heute, die gleichen: Ehrenamtliche Trainer, Betreuer, Helfer und Unterst\u00fctzer jeglicher Art mussten bzw. m\u00fcssen gefunden werden.<\/p>\n<p>Schon damals wurde eine gro\u00dfe Vielfalt an diversen Sportarten angeboten, so dass man als Verein st\u00e4ndig innovativ und interessant sein musste, um die Jugendlichen an diesen zu binden. Dies gelang Hans Stollenwerk und seinen Mitstreitern jedoch ganz gut. Mit Ideologie, Freundschaft und Geselligkeit konnte die Arminia sich in den schweren Jahren durchsetzen.<\/p>\n<p style=\"text-align: left\">Unz\u00e4hlige Mannschaftstouren an Wochenenden, z.B. in die Eifel, den Schwarzwald und nach Spanien haben zum Verbundenheitsgef\u00fchl beigetragen. Man konnte mit den finanzstarken Vereinen aus dem Umfeld mithalten, indem die traditionellen Werte wie Kameradschaft, Vereinsleben und Treue nicht nur aufgelistet, sondern gelebt wurden.<\/p>\n<p style=\"text-align: left\">Die anschlie\u00dfenden Jugendleiter Hans-Dieter Kamps, Marcus Plumanns, Pascal Schmidt und Ringo Helbig haben und hatten zu Ihren Amtszeiten stets mit ihrem Ehrgeiz, ihrer Kameradschaft und eigener Philosophie die Jugendarbeit weiterentwickelt und gepr\u00e4gt, ohne die o.g. Werte aus den Augen zu verlieren.<\/p>\n<p style=\"text-align: left\">Nat\u00fcrlich hatten die Jugendleiter dabei immer ein starkes Team um sich herum um den stets wachsenden Anforderungen gerecht werden zu k\u00f6nnen, aber eben dies macht das Vereinsleben aus.<\/p>\n<p><strong><span style=\"color: blue\">\u2013 Die Arminia-Jugend heute<\/span><\/strong><\/p>\n<p style=\"text-align: left\">\u00dcber Jahre schon werden alte Werte wie Kameradschaft, Respekt und Akzeptanz weitergegeben und in unseren Jugenden gelebt. Dies ist auch ein Grund, warum in der langen Geschichte der Arminia-Jugend zahlreiche Meisterschaften, Aufstiege und Siege eingefahren werden konnten.<\/p>\n<p style=\"text-align: left\">Die Qualit\u00e4t unserer Jugendspieler bleibt nat\u00fcrlich auch den Profivereinen nicht verborgen. In den letzten Jahren sind Borussia M\u00f6nchengladbach, der 1. FC K\u00f6ln und Alemannia Aachen auf unsere Jugendspieler aufmerksam geworden. Viele Arminen haben den Sprung in die Jugendmannschaften der Profivereine gemeistert und sind heute fester Bestandteil dieser Mannschaften. Arminia bildet die Fu\u00dfballzukunft aus; schlie\u00dflich hat ja jeder Profi mal bei den Kleinen angefangen.<\/p>\n<p style=\"text-align: left\">Auch zuk\u00fcnftig werden der Jugendvorstand, sowie die Jugendtrainer eng miteinander zusammenarbeiten, um den stets wachsenden Anspr\u00fcchen des Fu\u00dfballalltags gerecht zu werden und den Spielern Spa\u00df am Sport zu vermitteln.<\/p>\n<p style=\"text-align: left\">Ein Beweis hierf\u00fcr, dass es bereits jetzt toll mit der Zusammenarbeit klappt ist, dass sich immer wieder neue Jugendspieler bereit erkl\u00e4ren vereinsinterne Aufgaben wie Trainer\u00e4mter oder Sondertrainingseinheiten zu \u00fcbernehmen und den Verein so weiter wachsen zu lassen.<\/p>\n<p style=\"text-align: left\">Auch w\u00e4hrend der Saison lassen sich die Jugendtrainer immer wieder etwas Neues einfallen, damit der graue Alltag die Mannschaften nicht einholt.<\/p>\n<p style=\"text-align: left\">Beispielsweise durfte unsere damalige F1 in der Saison 2016\/2017 das Einlagespiel gegen SSV Bornheim bestreiten und somit den Rasen in der BayArena f\u00fcr das Bundesligaspiel Bayer 04 Leverkusen gegen den FC Bayern M\u00fcnchen vorw\u00e4rmen. Hierbei konnten sich die jungen Spieler schon einmal wie ein echter Profi f\u00fchlen; angefangen in den Umkleidekabinen bis hin zum Auflaufen vor gro\u00dfer Kulisse. Dieses Erlebnis werden die Spieler bestimmt nicht so schnell vergessen.<\/p>\n<p style=\"text-align: left\">Unsere Jugendmannschaften werden regelm\u00e4\u00dfig zu den Jugendturnieren vom 1. FC K\u00f6ln eingeladen. Diese Turniere sind jedes Jahr ein besonderes Erlebnis f\u00fcr unsere jungen Arminen.<\/p>\n<p style=\"text-align: left\">Auch international wurde die Jugend von Arminia bestens vertreten. Beim gr\u00f6\u00dften Jugendfu\u00dfballturnier der Welt, dem Gothia-Cup in G\u00f6teburg, hatte unsere damalige D1 in der Saison 2016\/2017 die M\u00f6glichkeit ihr K\u00f6nnen zu zeigen. Dieses Erlebnis war einmalig und eine gro\u00dfartige Erfahrung f\u00fcr alle Beteiligten.<\/p>\n<p style=\"text-align: left\">Unsere kleinsten Kicker aus der G-Jugend hatten in der Saison 2015\/2016 als Einlaufkinder am Tivoli die gro\u00dfe Aufgabe die Profis der Alemannia beim Ligaspiel gegen den SG Wattenscheid 09 auf den Platz zu begleiten.<\/p>\n<p style=\"text-align: left\">Sowohl im Sommer 2017 als auch 2018 haben die Profis von Alemannia Aachen ihr erstes Testspiel in der Saisonvorbereitung gegen unsere erste Mannschaft absolviert. Auch bei diesem Ereignis haben unsere G- und F-Jugendspieler die \u201eGro\u00dfen\u201c als Einlaufkinder begleitet und diesen sch\u00f6nen Tag mitgestaltet. Bei anschlie\u00dfenden Autogrammstunden konnten sowohl die Profis, als auch die zahlreichen G\u00e4ste die tolle Atmosph\u00e4re unserer Arminia-Familie erleben.<\/p>\n<p style=\"text-align: left\">2016 haben wir mit dem 50. Jugendturnier eine lange Tradition beendet und eine neue Turnierreihe ins Leben gerufen. Das Fronleichnam-Jugendturnier war geboren.<\/p>\n<p style=\"text-align: left\">Bereits im ersten Turnierjahr 2017 haben insgesamt 68 Jugendmannschaften aus der Region teilgenommen. Unter den Teilnehmern waren auch 5 internationale Mannschaften aus Holland und Belgien vertreten.<\/p>\n<p style=\"text-align: left\">Unser Fronleichnam-Jugendturnier hat sich bestens gegen viele \u00e4hnliche Turniere in der Region durchgesetzt und ist jedes Jahr ein Highlight im Mark-Reinhardt Stadion.<\/p>\n<p style=\"text-align: left\">Dem Jugendvorstand ist es zudem gelungen ab dem Jahr 2018 wieder regelm\u00e4\u00dfige Fu\u00dfballcamps w\u00e4hrend der Schulferien anzubieten. Neben dem Fu\u00dfballtraining soll selbstverst\u00e4ndlich auch der Spa\u00df und der Zusammenhalt untereinander im Vordergrund stehen und weiter gef\u00f6rdert werden.<\/p>\n<p style=\"text-align: left\">Die Arminia hat 2018 erstmalig und in Zusammenarbeit mit den Eilendorfer Grundschulen am 11.5.2018 ein Br\u00fcckentags-Schulturnier veranstaltet. Die Idee, die dahinter steckte war die Entlastung vieler Eltern, welche vor einem Betreuungsproblem gestanden h\u00e4tten, da an diesen sogenannten Br\u00fcckentagen oftmals keine schulische Betreuung angeboten wird. Dies haben wir vom Jugendvorstand als Anlass genommen um uns Gedanken zu machen. Dabei ist die Idee eines Schulturniers entstanden, bei dem die Kinder von morgens bis nachmittags betreut werden und auch noch Spa\u00df beim Sport und Spiel haben.<\/p>\n<p style=\"text-align: left\">Uns ist wichtig, dass bereits im fr\u00fchen Stadium die Zusammenarbeit mit der Seniorenabteilung reibungslos funktioniert und offen gestaltet wird, so dass viele Spieler der A-Jugend anschlie\u00dfend in den Seniorenkader integriert werden k\u00f6nnen.<\/p>\n<p style=\"text-align: left\">Von der ersten bis hin zur dritten Seniorenmannschaft sind immer wieder Spieler zu finden, die ihre komplette Jugend bei uns verbracht haben. Darauf sind und k\u00f6nnen wir auch stolz sein!<\/p>\n<p style=\"text-align: left\">Auch zuk\u00fcnftig wird die Arminia Ihre gute Jugendarbeit nicht nur fortsetzen, sondern mit neuen Ideen weiterhin positiv entwickeln und auf sich aufmerksam machen um somit den Grundstein f\u00fcr die n\u00e4chsten 100 Jahre zu legen.<\/p>\n<p style=\"text-align: center\">VIVA ARMINIA<\/p>\n","protected":false},"excerpt":{"rendered":"<p>Arminia Jugend damals und heute \u2013 Fakten von damals: Im Jahr 1921 wurde mit der Gr\u00fcndung der Arminia-Jugend der Grundstein der bis heute anhaltenden, erfolgreichen Jugendarbeit gelegt. Selbst das Verbot und die daraufhin resultierende Aufl\u00f6sung des Vereins durch das Naziregime im Jahr 1935 hinderte viele Arminen nicht daran, auch weiterhin, dann unter dem Namen \u201eVerein [&hellip;]<\/p>\n","protected":false},"author":1,"featured_media":0,"parent":0,"menu_order":0,"comment_status":"closed","ping_status":"closed","template":"","meta":{"footnotes":""},"class_list":["post-980","page","type-page","status-publish","hentry"],"jetpack_sharing_enabled":true,"publishpress_future_action":{"enabled":false,"date":"2026-04-28 15:27:59","action":"change-status","newStatus":"draft","terms":[],"taxonomy":"","extraData":[]},"publishpress_future_workflow_manual_trigger":{"enabledWorkflows":[]},"_links":{"self":[{"href":"https:\/\/djk-arminia-eilendorf.de\/fussball\/wp-json\/wp\/v2\/pages\/980","targetHints":{"allow":["GET"]}}],"collection":[{"href":"https:\/\/djk-arminia-eilendorf.de\/fussball\/wp-json\/wp\/v2\/pages"}],"about":[{"href":"https:\/\/djk-arminia-eilendorf.de\/fussball\/wp-json\/wp\/v2\/types\/page"}],"author":[{"embeddable":true,"href":"https:\/\/djk-arminia-eilendorf.de\/fussball\/wp-json\/wp\/v2\/users\/1"}],"replies":[{"embeddable":true,"href":"https:\/\/djk-arminia-eilendorf.de\/fussball\/wp-json\/wp\/v2\/comments?post=980"}],"version-history":[{"count":0,"href":"https:\/\/djk-arminia-eilendorf.de\/fussball\/wp-json\/wp\/v2\/pages\/980\/revisions"}],"wp:attachment":[{"href":"https:\/\/djk-arminia-eilendorf.de\/fussball\/wp-json\/wp\/v2\/media?parent=980"}],"curies":[{"name":"wp","href":"https:\/\/api.w.org\/{rel}","templated":true}]}}