{"id":34,"date":"2024-01-11T10:40:03","date_gmt":"2024-01-11T09:40:03","guid":{"rendered":"https:\/\/ereckers.de\/wassergymnastik\/?page_id=34"},"modified":"2024-01-11T10:40:03","modified_gmt":"2024-01-11T09:40:03","slug":"wir-stellen-uns-vor","status":"publish","type":"page","link":"https:\/\/djk-arminia-eilendorf.de\/wassergymnastik\/","title":{"rendered":"Wir stellen uns vor"},"content":{"rendered":"\n<h4 class=\"wp-block-heading\">Willkommen bei der Wassergymnastik und dem Kinderschwimmen<\/h4>\n\n\n\n<p>Wir haben in der Schwimmhalle Schule Birkstra\u00dfe ein breit gef\u00e4chertes Angebot f\u00fcr Jung und Alt.<\/p>\n\n\n\n<p>F\u00fcr Senioren bieten wir weiterhin in zwei Gruppen Wassergymnastik an.<\/p>\n\n\n\n<figure class=\"wp-block-image size-full\"><img loading=\"lazy\" decoding=\"async\" width=\"492\" height=\"316\" src=\"https:\/\/djk-arminia-eilendorf.de\/wassergymnastik\/wp-content\/uploads\/sites\/6\/2024\/01\/wasser.jpg\" alt=\"\" class=\"wp-image-32\" srcset=\"https:\/\/djk-arminia-eilendorf.de\/wassergymnastik\/wp-content\/uploads\/sites\/6\/2024\/01\/wasser.jpg 492w, https:\/\/djk-arminia-eilendorf.de\/wassergymnastik\/wp-content\/uploads\/sites\/6\/2024\/01\/wasser-300x193.jpg 300w\" sizes=\"auto, (max-width: 492px) 100vw, 492px\" \/><\/figure>\n\n\n\n<p>Interessenten melden sich bitte bei Renate Jansen.<\/p>\n\n\n\n<p>Die Kinderschwimmgruppe ist immer gut ausgebucht. Bitte den aktuellen Stand Nachfragen bei <a href=\"mailto:wassergymnastik@djk-arminia-eilendorf.de\">Renate Jansen<\/a> .<\/p>\n\n\n\n<figure class=\"wp-block-image size-full\"><img loading=\"lazy\" decoding=\"async\" width=\"500\" height=\"346\" src=\"https:\/\/djk-arminia-eilendorf.de\/wassergymnastik\/wp-content\/uploads\/sites\/6\/2024\/01\/SchwimmenLernen.jpg\" alt=\"\" class=\"wp-image-31\" srcset=\"https:\/\/djk-arminia-eilendorf.de\/wassergymnastik\/wp-content\/uploads\/sites\/6\/2024\/01\/SchwimmenLernen.jpg 500w, https:\/\/djk-arminia-eilendorf.de\/wassergymnastik\/wp-content\/uploads\/sites\/6\/2024\/01\/SchwimmenLernen-300x208.jpg 300w\" sizes=\"auto, (max-width: 500px) 100vw, 500px\" \/><\/figure>\n","protected":false},"excerpt":{"rendered":"<p>Willkommen bei der Wassergymnastik und dem Kinderschwimmen Wir haben in der Schwimmhalle Schule Birkstra\u00dfe ein breit gef\u00e4chertes Angebot f\u00fcr Jung und Alt. F\u00fcr Senioren bieten wir weiterhin in zwei Gruppen Wassergymnastik an. Interessenten melden sich bitte bei Renate Jansen. Die Kinderschwimmgruppe ist immer gut ausgebucht. Bitte den aktuellen Stand Nachfragen bei Renate Jansen .<\/p>\n","protected":false},"author":1,"featured_media":0,"parent":0,"menu_order":0,"comment_status":"closed","ping_status":"closed","template":"","meta":{"footnotes":""},"class_list":["post-34","page","type-page","status-publish","hentry"],"jetpack_sharing_enabled":true,"publishpress_future_action":{"enabled":false,"date":"2026-05-09 13:39:59","action":"change-status","newStatus":"draft","terms":[],"taxonomy":"","extraData":[]},"publishpress_future_workflow_manual_trigger":{"enabledWorkflows":[]},"_links":{"self":[{"href":"https:\/\/djk-arminia-eilendorf.de\/wassergymnastik\/wp-json\/wp\/v2\/pages\/34","targetHints":{"allow":["GET"]}}],"collection":[{"href":"https:\/\/djk-arminia-eilendorf.de\/wassergymnastik\/wp-json\/wp\/v2\/pages"}],"about":[{"href":"https:\/\/djk-arminia-eilendorf.de\/wassergymnastik\/wp-json\/wp\/v2\/types\/page"}],"author":[{"embeddable":true,"href":"https:\/\/djk-arminia-eilendorf.de\/wassergymnastik\/wp-json\/wp\/v2\/users\/1"}],"replies":[{"embeddable":true,"href":"https:\/\/djk-arminia-eilendorf.de\/wassergymnastik\/wp-json\/wp\/v2\/comments?post=34"}],"version-history":[{"count":0,"href":"https:\/\/djk-arminia-eilendorf.de\/wassergymnastik\/wp-json\/wp\/v2\/pages\/34\/revisions"}],"wp:attachment":[{"href":"https:\/\/djk-arminia-eilendorf.de\/wassergymnastik\/wp-json\/wp\/v2\/media?parent=34"}],"curies":[{"name":"wp","href":"https:\/\/api.w.org\/{rel}","templated":true}]}}